{"id":7,"date":"2016-07-08T08:44:06","date_gmt":"2016-07-08T08:44:06","guid":{"rendered":"http:\/\/cfdumbria.dumbria.es\/?page_id=7"},"modified":"2016-08-20T19:10:55","modified_gmt":"2016-08-20T19:10:55","slug":"historia","status":"publish","type":"page","link":"https:\/\/dumbria.es\/cfdumbria\/historia\/","title":{"rendered":"Historia"},"content":{"rendered":"<p>O C.F. Dumbr\u00eda comezou a s\u00faa andaina en Terceira Rexional da Costa, al\u00f3 pola tempada 1996\/97, acadando un meritorio quinto posto na clasificaci\u00f3n e chegando a cuartos de final na Copa.<\/p>\n<p>Tres anos en 3\u00aa deron paso ao ascenso, no ano 2000. O paso por segunda rexional deu de s\u00ed un segundo posto, un terceiro e un quinto, culminado na tempada 2005\/06 co campionato da Liga da Costa, por primeira vez na historia e ascendendo a 1\u00aa auton\u00f3mica, categor\u00eda que mantivemos ata a tempada 2010\/11, na cal conseguir\u00edamos o ascenso \u00e1 Preferente.<\/p>\n<p>No 2001 ga\u00f1ouse a 1\u00aa Copa da Costa nunha emocionant\u00edsima final xogada no Campo das Eiroas fronte ao Berganti\u00f1os. O segundo t\u00edtulo de Copa foi ante o Baio no ano 2005. A 3\u00aa Copa chegar\u00eda na tempada 2010\/11, derrotando ao UC Cee na final xogada no Conco (3-0). Na tempada 2013\/14 seriamos unha vez m\u00e1is finalistas desta competici\u00f3n, adxudic\u00e1ndonos de forma clara na final que disputamos no Campo de Fontenla ante o Xallas (1-4) e as\u00ed a nosa 4\u00aa Copa da Costa.<\/p>\n","protected":false},"excerpt":{"rendered":"<p>O C.F. Dumbr\u00eda comezou a s\u00faa andaina en Terceira Rexional da Costa, al\u00f3 pola tempada 1996\/97, acadando un meritorio quinto posto na clasificaci\u00f3n e chegando a cuartos de final na Copa. Tres anos en 3\u00aa deron paso ao ascenso, no ano 2000. O paso por segunda rexional deu de s\u00ed un segundo posto, un terceiro<\/p>\n","protected":false},"author":2,"featured_media":158,"parent":0,"menu_order":0,"comment_status":"closed","ping_status":"closed","template":"","meta":{"_acf_changed":false,"footnotes":""},"class_list":["post-7","page","type-page","status-publish","has-post-thumbnail","hentry"],"acf":[],"aioseo_notices":[],"_links":{"self":[{"href":"https:\/\/dumbria.es\/cfdumbria\/wp-json\/wp\/v2\/pages\/7","targetHints":{"allow":["GET"]}}],"collection":[{"href":"https:\/\/dumbria.es\/cfdumbria\/wp-json\/wp\/v2\/pages"}],"about":[{"href":"https:\/\/dumbria.es\/cfdumbria\/wp-json\/wp\/v2\/types\/page"}],"author":[{"embeddable":true,"href":"https:\/\/dumbria.es\/cfdumbria\/wp-json\/wp\/v2\/users\/2"}],"replies":[{"embeddable":true,"href":"https:\/\/dumbria.es\/cfdumbria\/wp-json\/wp\/v2\/comments?post=7"}],"version-history":[{"count":3,"href":"https:\/\/dumbria.es\/cfdumbria\/wp-json\/wp\/v2\/pages\/7\/revisions"}],"predecessor-version":[{"id":156,"href":"https:\/\/dumbria.es\/cfdumbria\/wp-json\/wp\/v2\/pages\/7\/revisions\/156"}],"wp:featuredmedia":[{"embeddable":true,"href":"https:\/\/dumbria.es\/cfdumbria\/wp-json\/wp\/v2\/media\/158"}],"wp:attachment":[{"href":"https:\/\/dumbria.es\/cfdumbria\/wp-json\/wp\/v2\/media?parent=7"}],"curies":[{"name":"wp","href":"https:\/\/api.w.org\/{rel}","templated":true}]}}