{"id":122,"date":"2016-08-16T11:39:53","date_gmt":"2016-08-16T11:39:53","guid":{"rendered":"http:\/\/cfdumbria.dumbria.es\/?page_id=122"},"modified":"2016-08-16T11:39:53","modified_gmt":"2016-08-16T11:39:53","slug":"aviso-legal","status":"publish","type":"page","link":"https:\/\/dumbria.es\/cfdumbria\/aviso-legal\/","title":{"rendered":"Aviso Legal"},"content":{"rendered":"<p>En cumplimiento do previsto na Lei Org\u00e1nica 15\/1999 de Protecci\u00f3n de Datos de Car\u00e1cter Persoal, informamos que os datos personais que voluntariamente nos facilite, os cales resultan necesarios para o desenvolvemento e xesti\u00f3n da nosa relaci\u00f3n comercial, ser\u00e1n incorporados a un fichero responsabilidade do <strong>Club F\u00fatbol Dumbr\u00eda<\/strong><\/p>\n<p>Nos t\u00e9rminos e cos requisitos previstos na normativa sobre Protecci\u00f3n de Datos vixente, Vd. poder\u00e1 exercitar os Dereitos de Acceso, Rectificaci\u00f3n, Cancelaci\u00f3n ou Oposici\u00f3n, , dirix\u00edndose a tal efecto \u00e1 direcci\u00f3n de correo electr\u00f3nico: <a href=\"mailto:contacto@cfdumbria.es\">contacto@cfdumbria.es<\/a><\/p>\n<h4>POL\u00cdTICA DE COOKIES<\/h4>\n<p>Unha <strong>Cookie<\/strong> \u00e9 un ficheiro que se descarga no seu ordenador \u00f3 acceder a determinadas p\u00e1xinas web. As cookies permiten a unha p\u00e1xina web, entre outras cousas, almacenar e recuperar informaci\u00f3n sobre os h\u00e1bitos de navegaci\u00f3n de un usuario ou do seu equipo e, dependendo da informaci\u00f3n que conte\u00f1an e da forma en que utilice o seu equipo, ppden utilizarse para reco\u00f1ecer \u00f3 usuario. O navegador do usuario memoriza cookies no disco duro soamente durante a sesi\u00f3n actual ocupando un espacio de memoria m\u00ednimo e non perxudicando \u00f3 ordenador. As cookies non conte\u00f1en ningunha clase de informaci\u00f3n persoal espec\u00edfica, e a maior\u00eda das mesmas\u00a0 b\u00f3rranse do disco duro \u00f3 finalizar a sesi\u00f3n do navegador (as denominadas cookies de sesi\u00f3n).<\/p>\n<p>A maior\u00eda dos navegadores aceptan como est\u00e1ndar as cookies e, con independencia das mesmas, permiten ou impiden nos axustes de seguridade as cookies temporais ou memorizadas.<\/p>\n","protected":false},"excerpt":{"rendered":"<p>En cumplimiento do previsto na Lei Org\u00e1nica 15\/1999 de Protecci\u00f3n de Datos de Car\u00e1cter Persoal, informamos que os datos personais que voluntariamente nos facilite, os cales resultan necesarios para o desenvolvemento e xesti\u00f3n da nosa relaci\u00f3n comercial, ser\u00e1n incorporados a un fichero responsabilidade do Club F\u00fatbol Dumbr\u00eda Nos t\u00e9rminos e cos requisitos previstos na normativa<\/p>\n","protected":false},"author":2,"featured_media":0,"parent":0,"menu_order":0,"comment_status":"closed","ping_status":"closed","template":"","meta":{"_acf_changed":false,"footnotes":""},"class_list":["post-122","page","type-page","status-publish","hentry"],"acf":[],"aioseo_notices":[],"_links":{"self":[{"href":"https:\/\/dumbria.es\/cfdumbria\/wp-json\/wp\/v2\/pages\/122","targetHints":{"allow":["GET"]}}],"collection":[{"href":"https:\/\/dumbria.es\/cfdumbria\/wp-json\/wp\/v2\/pages"}],"about":[{"href":"https:\/\/dumbria.es\/cfdumbria\/wp-json\/wp\/v2\/types\/page"}],"author":[{"embeddable":true,"href":"https:\/\/dumbria.es\/cfdumbria\/wp-json\/wp\/v2\/users\/2"}],"replies":[{"embeddable":true,"href":"https:\/\/dumbria.es\/cfdumbria\/wp-json\/wp\/v2\/comments?post=122"}],"version-history":[{"count":1,"href":"https:\/\/dumbria.es\/cfdumbria\/wp-json\/wp\/v2\/pages\/122\/revisions"}],"predecessor-version":[{"id":123,"href":"https:\/\/dumbria.es\/cfdumbria\/wp-json\/wp\/v2\/pages\/122\/revisions\/123"}],"wp:attachment":[{"href":"https:\/\/dumbria.es\/cfdumbria\/wp-json\/wp\/v2\/media?parent=122"}],"curies":[{"name":"wp","href":"https:\/\/api.w.org\/{rel}","templated":true}]}}