{"id":19,"date":"2016-07-14T09:33:04","date_gmt":"2016-07-14T09:33:04","guid":{"rendered":"http:\/\/ccdumbria.dumbria.es\/?page_id=19"},"modified":"2017-01-17T22:39:46","modified_gmt":"2017-01-17T22:39:46","slug":"o-clube","status":"publish","type":"page","link":"https:\/\/dumbria.es\/ccdumbria\/o-clube\/","title":{"rendered":"O clube"},"content":{"rendered":"<p><strong>Na actualidade, o club conta coas categor\u00edas: PRINCIPIANTE, PREBENXAMIN, BENXAMIN, ALEVIN, INFANTIL, CADETE, JUNIOR SUB-23 e SENIOR.<\/strong><\/p>\n<p><img loading=\"lazy\" decoding=\"async\" width=\"960\" height=\"720\" class=\"alignnone size-full wp-image-42\" src=\"https:\/\/www.dumbria.es\/ccdumbria\/wp-content\/uploads\/sites\/7\/2016\/07\/ccdumbria.jpg\" alt=\"ccdumbria\" srcset=\"https:\/\/dumbria.es\/ccdumbria\/wp-content\/uploads\/sites\/7\/2016\/07\/ccdumbria.jpg 960w, https:\/\/dumbria.es\/ccdumbria\/wp-content\/uploads\/sites\/7\/2016\/07\/ccdumbria-300x225.jpg 300w, https:\/\/dumbria.es\/ccdumbria\/wp-content\/uploads\/sites\/7\/2016\/07\/ccdumbria-768x576.jpg 768w\" sizes=\"auto, (max-width: 960px) 100vw, 960px\" \/><\/p>\n<p><strong>Seguindo as\u00ed un patr\u00f3n instalado noutros deportes que est\u00e1n presentes no concello, e apostando por fomentar a formaci\u00f3n dende a base sexa nas modalidades competitivas ou ciclotur\u00edsticas sempre co apoio do director t\u00e9cnico Jos\u00e9 Vicente Formoso \u00abTriki\u00bb.<\/strong><\/p>\n<p>&nbsp;<\/p>\n","protected":false},"excerpt":{"rendered":"<p>Na actualidade, o club conta coas categor\u00edas: PRINCIPIANTE, PREBENXAMIN, BENXAMIN, ALEVIN, INFANTIL, CADETE, JUNIOR SUB-23 e SENIOR. Seguindo as\u00ed un patr\u00f3n instalado noutros deportes que est\u00e1n presentes no concello, e apostando por fomentar a formaci\u00f3n dende a base sexa nas modalidades competitivas ou ciclotur\u00edsticas sempre co apoio do director t\u00e9cnico Jos\u00e9 Vicente Formoso \u00abTriki\u00bb. &nbsp;<\/p>\n","protected":false},"author":2,"featured_media":0,"parent":0,"menu_order":0,"comment_status":"closed","ping_status":"closed","template":"","meta":{"_acf_changed":false,"footnotes":""},"class_list":["post-19","page","type-page","status-publish","hentry"],"acf":[],"aioseo_notices":[],"_links":{"self":[{"href":"https:\/\/dumbria.es\/ccdumbria\/wp-json\/wp\/v2\/pages\/19","targetHints":{"allow":["GET"]}}],"collection":[{"href":"https:\/\/dumbria.es\/ccdumbria\/wp-json\/wp\/v2\/pages"}],"about":[{"href":"https:\/\/dumbria.es\/ccdumbria\/wp-json\/wp\/v2\/types\/page"}],"author":[{"embeddable":true,"href":"https:\/\/dumbria.es\/ccdumbria\/wp-json\/wp\/v2\/users\/2"}],"replies":[{"embeddable":true,"href":"https:\/\/dumbria.es\/ccdumbria\/wp-json\/wp\/v2\/comments?post=19"}],"version-history":[{"count":7,"href":"https:\/\/dumbria.es\/ccdumbria\/wp-json\/wp\/v2\/pages\/19\/revisions"}],"predecessor-version":[{"id":208,"href":"https:\/\/dumbria.es\/ccdumbria\/wp-json\/wp\/v2\/pages\/19\/revisions\/208"}],"wp:attachment":[{"href":"https:\/\/dumbria.es\/ccdumbria\/wp-json\/wp\/v2\/media?parent=19"}],"curies":[{"name":"wp","href":"https:\/\/api.w.org\/{rel}","templated":true}]}}