{"id":17,"date":"2016-07-14T09:32:34","date_gmt":"2016-07-14T09:32:34","guid":{"rendered":"http:\/\/ccdumbria.dumbria.es\/?page_id=17"},"modified":"2017-01-12T22:49:02","modified_gmt":"2017-01-12T22:49:02","slug":"historia","status":"publish","type":"page","link":"https:\/\/dumbria.es\/ccdumbria\/historia\/","title":{"rendered":"Historia"},"content":{"rendered":"<p>O Club Ciclista Dumbr\u00eda fundouse no mes de decembro do ano 2011, como unha nova modalidade deportiva dentro do C.F. Dumbr\u00eda.<\/p>\n<p>Naceu da necesidade de fomentar e agrupar \u00f3s afecionados deste deporte no concello e pouco a pouco engadindo afecionados da comarca en xeral.<\/p>\n<p>O club est\u00e1 aberto a t\u00f3dalas idades, co fin principal de fomentar a pr\u00e1ctica do ciclismo nas s\u00faas distintas modalidades, mostra delo est\u00e1n as probas ciclotur\u00edsticas de monta\u00f1a e carretera como a BTT Dumbr\u00eda e o Gran Fondo Ezaro, mencionando adem\u00e1is as probas federadas de ciclocross e minibtt celebradas no concello.<\/p>\n<p><img loading=\"lazy\" decoding=\"async\" width=\"1415\" height=\"940\" class=\"alignnone wp-image-85\" src=\"https:\/\/www.dumbria.es\/ccdumbria\/wp-content\/uploads\/sites\/7\/2016\/07\/13640796_1059557570782958_868870855592007834_o.jpg\" alt=\"13640796_1059557570782958_868870855592007834_o\" srcset=\"https:\/\/dumbria.es\/ccdumbria\/wp-content\/uploads\/sites\/7\/2016\/07\/13640796_1059557570782958_868870855592007834_o.jpg 1415w, https:\/\/dumbria.es\/ccdumbria\/wp-content\/uploads\/sites\/7\/2016\/07\/13640796_1059557570782958_868870855592007834_o-300x199.jpg 300w, https:\/\/dumbria.es\/ccdumbria\/wp-content\/uploads\/sites\/7\/2016\/07\/13640796_1059557570782958_868870855592007834_o-768x510.jpg 768w, https:\/\/dumbria.es\/ccdumbria\/wp-content\/uploads\/sites\/7\/2016\/07\/13640796_1059557570782958_868870855592007834_o-1024x680.jpg 1024w\" sizes=\"auto, (max-width: 1415px) 100vw, 1415px\" \/><\/p>\n","protected":false},"excerpt":{"rendered":"<p>O Club Ciclista Dumbr\u00eda fundouse no mes de decembro do ano 2011, como unha nova modalidade deportiva dentro do C.F. Dumbr\u00eda. Naceu da necesidade de fomentar e agrupar \u00f3s afecionados deste deporte no concello e pouco a pouco engadindo afecionados da comarca en xeral. O club est\u00e1 aberto a t\u00f3dalas idades, co fin principal de<\/p>\n","protected":false},"author":2,"featured_media":0,"parent":0,"menu_order":0,"comment_status":"closed","ping_status":"closed","template":"","meta":{"_acf_changed":false,"footnotes":""},"class_list":["post-17","page","type-page","status-publish","hentry"],"acf":[],"aioseo_notices":[],"_links":{"self":[{"href":"https:\/\/dumbria.es\/ccdumbria\/wp-json\/wp\/v2\/pages\/17","targetHints":{"allow":["GET"]}}],"collection":[{"href":"https:\/\/dumbria.es\/ccdumbria\/wp-json\/wp\/v2\/pages"}],"about":[{"href":"https:\/\/dumbria.es\/ccdumbria\/wp-json\/wp\/v2\/types\/page"}],"author":[{"embeddable":true,"href":"https:\/\/dumbria.es\/ccdumbria\/wp-json\/wp\/v2\/users\/2"}],"replies":[{"embeddable":true,"href":"https:\/\/dumbria.es\/ccdumbria\/wp-json\/wp\/v2\/comments?post=17"}],"version-history":[{"count":8,"href":"https:\/\/dumbria.es\/ccdumbria\/wp-json\/wp\/v2\/pages\/17\/revisions"}],"predecessor-version":[{"id":152,"href":"https:\/\/dumbria.es\/ccdumbria\/wp-json\/wp\/v2\/pages\/17\/revisions\/152"}],"wp:attachment":[{"href":"https:\/\/dumbria.es\/ccdumbria\/wp-json\/wp\/v2\/media?parent=17"}],"curies":[{"name":"wp","href":"https:\/\/api.w.org\/{rel}","templated":true}]}}